{"id":78751,"date":"2022-09-27T09:52:56","date_gmt":"2022-09-27T09:52:56","guid":{"rendered":"https:\/\/nhoa-project.eu\/?page_id=78751"},"modified":"2022-09-27T10:28:29","modified_gmt":"2022-09-27T10:28:29","slug":"informacio-tractament-de-dades","status":"publish","type":"page","link":"https:\/\/nhoa-project.eu\/ca\/informacio-tractament-de-dades\/","title":{"rendered":"Informaci\u00f3 Tractament de Dades"},"content":{"rendered":"\t\t<div data-elementor-type=\"wp-page\" data-elementor-id=\"78751\" class=\"elementor elementor-78751 elementor-78727\" data-elementor-post-type=\"page\">\n\t\t\t\t\t\t<section class=\"elementor-section elementor-top-section elementor-element elementor-element-6be1228 elementor-section-boxed elementor-section-height-default elementor-section-height-default\" data-id=\"6be1228\" data-element_type=\"section\" data-e-type=\"section\">\n\t\t\t\t\t\t<div class=\"elementor-container elementor-column-gap-default\">\n\t\t\t\t\t<div class=\"elementor-column elementor-col-16 elementor-top-column elementor-element elementor-element-1b3ff53\" data-id=\"1b3ff53\" data-element_type=\"column\" data-e-type=\"column\">\n\t\t\t<div class=\"elementor-widget-wrap\">\n\t\t\t\t\t\t\t<\/div>\n\t\t<\/div>\n\t\t\t\t<div class=\"elementor-column elementor-col-66 elementor-top-column elementor-element elementor-element-7c6e40b\" data-id=\"7c6e40b\" data-element_type=\"column\" data-e-type=\"column\">\n\t\t\t<div class=\"elementor-widget-wrap elementor-element-populated\">\n\t\t\t\t\t\t<div class=\"elementor-element elementor-element-34a2811 elementor-widget elementor-widget-text-editor\" data-id=\"34a2811\" data-element_type=\"widget\" data-e-type=\"widget\" data-widget_type=\"text-editor.default\">\n\t\t\t\t<div class=\"elementor-widget-container\">\n\t\t\t\t\t\t\t\t\t<p><strong>Responsable del Tractamen<\/strong>t: El Responsable del de Tractament les dades \u00e9s Fundaci\u00f3 Eurecat, amb CIF G-66210345 i domicili Av. Universitat Aut\u00f2noma 23, 08290, Cerdanyola del Vall\u00e8s (BCN), legal@eurecat.org (el \u201cResponsable\u201d) Dades de contacte del delegat de Protecci\u00f3 de Dades dpo@eurecat.org<\/p><p><strong>Finalitat<\/strong>: es tractaran dades identificatives i de contacte (nom, l\u2019email, tel\u00e8fon) i dades i informacions indicades al cos del formulari per la finalitat de gestionar i respondre la comunicaci\u00f3 iniciada per l\u2019usuari.<\/p><p><strong>Legitimaci\u00f3<\/strong>: La base de legitimaci\u00f3 del tractament les dades son les accions pertinents per donar resposta al contacte (art 6.1 b) RGPD).<\/p><p><strong>Destinataris<\/strong>: Les dades no s\u00f3n objecte de cessi\u00f3 a tercers, [tot i aix\u00f2, poden ser compartides amb altres membres del consorci en cas que sigui necessari per gestionar la comunicaci\u00f3]. No obstant aix\u00f2, les dades poden ser accessibles per tercers prove\u00efdors de serveis del Responsable del Tractament o b\u00e9 per obligaci\u00f3 legal. Pot obtenir la informaci\u00f3 completa a la Pol\u00edtica de Privacitat.<\/p><p><strong>Conservaci\u00f3<\/strong>: Les dades es conservaran mentre siguin necess\u00e0ries per dur a terme la finalitat, o b\u00e9, fins que es sol\u00b7liciti la seva supressi\u00f3.<\/p><p><strong>Elaboraci\u00f3 de perfils i decisions automatitzades<\/strong>: les dades no seran subjectes a decisions automatitzades ni a l\u2019elaboraci\u00f3 de perfils.<\/p><p><strong>Drets<\/strong>: El consentiment pot ser revocat en qualsevol moment. Te dret a accedir, rectificar i suprimir les dades, aix\u00ed com limitar el tractament, oposar-se al mateix o exercir el dret a la portabilitat de les dades. Aquests drets es poden exercir, en els termes i condicions previstes a la legislaci\u00f3 vigent, en el domicili social del Responsable del Tractament: Fundaci\u00f3 Eurecat a Av. Universitat Aut\u00f2noma 23, 08290 Cerdanyola del Vall\u00e8s (Barcelona), o mitjan\u00e7ant l\u2019enviament d\u2019un correu electr\u00f2nic a legal@eurecat.org<\/p><p><strong>Autoritat de Control<\/strong>: En el sup\u00f2sit que no obtingui una resposta satisfact\u00f2ria i desitgi formular una reclamaci\u00f3 o obtenir m\u00e9s informaci\u00f3 al respecte de qualsevol d\u2019aquests drets, pot acudir a l\u2019Ag\u00e8ncia Espanyola de Protecci\u00f3 de Dades (www.agpd.es).<\/p><p><strong>M\u00e9s informaci\u00f3<\/strong>: por consultar i ampliar la informaci\u00f3 proporcionada en relaci\u00f3 al tractament de les dades a la Pol\u00edtica de Privacitat<\/p>\t\t\t\t\t\t\t\t<\/div>\n\t\t\t\t<\/div>\n\t\t\t\t\t<\/div>\n\t\t<\/div>\n\t\t\t\t<div class=\"elementor-column elementor-col-16 elementor-top-column elementor-element elementor-element-67d56ed\" data-id=\"67d56ed\" data-element_type=\"column\" data-e-type=\"column\">\n\t\t\t<div class=\"elementor-widget-wrap\">\n\t\t\t\t\t\t\t<\/div>\n\t\t<\/div>\n\t\t\t\t\t<\/div>\n\t\t<\/section>\n\t\t\t\t<\/div>\n\t\t","protected":false},"excerpt":{"rendered":"<p>Responsable del Tractament: El Responsable del de Tractament les dades \u00e9s Fundaci\u00f3 Eurecat, amb CIF G-66210345 i domicili Av. Universitat Aut\u00f2noma 23, 08290, Cerdanyola del Vall\u00e8s (BCN), legal@eurecat.org (el \u201cResponsable\u201d) Dades de contacte del delegat de Protecci\u00f3 de Dades dpo@eurecat.org Finalitat: es tractaran dades identificatives i de contacte (nom, l\u2019email, tel\u00e8fon) i dades i informacions&hellip;<\/p>\n","protected":false},"author":3,"featured_media":0,"parent":0,"menu_order":0,"comment_status":"closed","ping_status":"closed","template":"","meta":{"footnotes":""},"class_list":["post-78751","page","type-page","status-publish","hentry"],"_links":{"self":[{"href":"https:\/\/nhoa-project.eu\/ca\/wp-json\/wp\/v2\/pages\/78751","targetHints":{"allow":["GET"]}}],"collection":[{"href":"https:\/\/nhoa-project.eu\/ca\/wp-json\/wp\/v2\/pages"}],"about":[{"href":"https:\/\/nhoa-project.eu\/ca\/wp-json\/wp\/v2\/types\/page"}],"author":[{"embeddable":true,"href":"https:\/\/nhoa-project.eu\/ca\/wp-json\/wp\/v2\/users\/3"}],"replies":[{"embeddable":true,"href":"https:\/\/nhoa-project.eu\/ca\/wp-json\/wp\/v2\/comments?post=78751"}],"version-history":[{"count":1,"href":"https:\/\/nhoa-project.eu\/ca\/wp-json\/wp\/v2\/pages\/78751\/revisions"}],"predecessor-version":[{"id":78755,"href":"https:\/\/nhoa-project.eu\/ca\/wp-json\/wp\/v2\/pages\/78751\/revisions\/78755"}],"wp:attachment":[{"href":"https:\/\/nhoa-project.eu\/ca\/wp-json\/wp\/v2\/media?parent=78751"}],"curies":[{"name":"wp","href":"https:\/\/api.w.org\/{rel}","templated":true}]}}