{"id":78761,"date":"2022-09-27T09:38:13","date_gmt":"2022-09-27T09:38:13","guid":{"rendered":"https:\/\/nhoa-project.eu\/?page_id=78761"},"modified":"2022-09-27T10:37:10","modified_gmt":"2022-09-27T10:37:10","slug":"politica-de-privacitat","status":"publish","type":"page","link":"https:\/\/nhoa-project.eu\/ca\/politica-de-privacitat\/","title":{"rendered":"Pol\u00edtica de Privacitat"},"content":{"rendered":"\t\t<div data-elementor-type=\"wp-page\" data-elementor-id=\"78761\" class=\"elementor elementor-78761 elementor-78711\" data-elementor-post-type=\"page\">\n\t\t\t\t\t\t<section class=\"elementor-section elementor-top-section elementor-element elementor-element-dc895ab elementor-section-boxed elementor-section-height-default elementor-section-height-default\" data-id=\"dc895ab\" data-element_type=\"section\" data-e-type=\"section\">\n\t\t\t\t\t\t<div class=\"elementor-container elementor-column-gap-default\">\n\t\t\t\t\t<div class=\"elementor-column elementor-col-16 elementor-top-column elementor-element elementor-element-581b590\" data-id=\"581b590\" data-element_type=\"column\" data-e-type=\"column\">\n\t\t\t<div class=\"elementor-widget-wrap\">\n\t\t\t\t\t\t\t<\/div>\n\t\t<\/div>\n\t\t\t\t<div class=\"elementor-column elementor-col-66 elementor-top-column elementor-element elementor-element-5f4cc4a\" data-id=\"5f4cc4a\" data-element_type=\"column\" data-e-type=\"column\">\n\t\t\t<div class=\"elementor-widget-wrap elementor-element-populated\">\n\t\t\t\t\t\t<div class=\"elementor-element elementor-element-364c4d3b elementor-widget elementor-widget-text-editor\" data-id=\"364c4d3b\" data-element_type=\"widget\" data-e-type=\"widget\" data-widget_type=\"text-editor.default\">\n\t\t\t\t<div class=\"elementor-widget-container\">\n\t\t\t\t\t\t\t\t\t<p><strong>Qui \u00e9s el Responsable del Tractament de les seves dades personals?<\/strong><\/p>\n<p><strong>Responsable del Tractament: <\/strong>FUNDACI\u00d3 EURECAT (\u201c<strong>Eurecat<\/strong>\u201d o el <strong>\u201cResponsable<\/strong>\u201d)<\/p>\n<p><strong>C.I.F:<\/strong> <strong>&nbsp;<\/strong>G-66210345<\/p>\n<p><strong>Adre\u00e7a<\/strong>: Parc Tecnol\u00f2gic del Vall\u00e8s. Avda. Universitat Aut\u00f2noma 23, 08290 Cerdanyola del Vall\u00e8s<\/p>\n<p><strong>Correu electr\u00f2nic<\/strong>: <a href=\"mailto:legal@eurecat.org\">legal<strong>@<\/strong>eurecat.org<\/a><\/p>\n<p><strong>Tel\u00e8fon<\/strong>: +34 93 238 14 00<\/p>\n<p><strong>Contacte del Delegat de Protecci\u00f3 de Dades<\/strong>: <a href=\"mailto:dpo@eurecat.org\">dpo@eurecat.org<\/a><\/p>\n<p><\/p>\n<p><strong>Amb quina finalitat tractarem les seves dades personals i quina \u00e9s la base de legitimaci\u00f3?<\/strong><\/p>\n<p>El Responsable tractar\u00e0 dades identificatives i de contacte (nom, cognom, email, \u2026) aix\u00ed com les dades indicades al cos de la consulta, les quals hagi proporcionat al formulari de contacte, per la finalitat de gestionar i respondre la comunicaci\u00f3 iniciada per l\u2019usuari. La base de legitimaci\u00f3 pel tractament de les dades s\u00f3n les accions adequades per donar resposta a la presa de contacte (art 6.1 b) RGPD).<\/p>\n<p><\/p>\n<p>El Responsable, com a membre del consorci, podr\u00e0 tractar dades identificatives i de contacte (nom, cognom, email, \u2026) i altres dades o informacions proporcionades per mitj\u00e0 dels formularis de la web, per la finalitat de donar acc\u00e9s a les dades a altres membres del consorci, pot consultar la llista detallada dels membres del consorci a&nbsp;<a href=\"https:\/\/nhoa-project.eu\/ca\/consorci\/\" target=\"_blank\">Consorci<\/a>, en els casos que sigui estrictament necessari per gestionar correctament les finalitats dels formularis. La base de legitimaci\u00f3 \u00e9s l\u2019inter\u00e8s leg\u00edtim i les accions pertinents per executar els prop\u00f2sits del tractament (art 6.1 b) i f) RGPD). Pot ampliar la informaci\u00f3 en relaci\u00f3 a la cessi\u00f3 de les seves dades a l\u2019apartat de la present pol\u00edtica \u201c<em>Qui s\u00f3n els destinataris de les seves dades?<\/em><\/p>\n<p><em>&nbsp;<\/em><\/p>\n<p>El Responsable, tamb\u00e9 podr\u00e0 accedir a dades identificatives i de navegaci\u00f3 de l\u2019usuari a la Web (IP, ubicaci\u00f3, versi\u00f3 del navegador, \u2026), fruit de les cookies instal\u00b7lades. Les cookies necess\u00e0ries son&nbsp; tractades per la finalitat de prestar els serveis objecte de la web i, les cookies access\u00f2ries instal\u00b7lades, per la finalitat de millorar els serveis i continguts de la Web, l\u2019usuari pot consultar-ne m\u00e9s informaci\u00f3 detallada, respecte a les finalitats del tractament per l\u2019instal\u00b7la acci\u00f3 de cookies, a la Pol\u00edtica de Cookies. La base de legitimaci\u00f3 del tractament de les cookies necess\u00e0ries \u00e9s l\u2019inter\u00e8s leg\u00edtim (art 6.1 f) RGPD) i la base de legitimaci\u00f3 de les cookies access\u00f2ries&nbsp; \u00e9s el consentiment de l\u2019usuari (art 6.1 a) RGPD).<\/p>\n<p><\/p>\n<p><strong>Qui s\u00f3n els destinataris de les seves dades?<\/strong><\/p>\n<p>Eurecat \u00e9s el destinatari principal de les seves dades, no obstant aix\u00f2, aquestes poden ser accessibles per tercers prove\u00efdors de serveis del Responsable quan per ra\u00f3 dels serveis contractats ho requereixin, l\u2019acc\u00e9s es regular\u00e0 conforme al compliment de les obligacions legals a tal efecte, concretament conforme a les del l\u2019article 28 del RGPD. En qualsevol cas, els tercers prove\u00efdors de serveis no tractaran les seves dades per finalitats pr\u00f2pies o diferents per a les quals han estat proporcionades, ni s\u2019extralimitaran de les finalitats pertinents per la prestaci\u00f3 dels serves contractats i, en cap cas, les posaran a disposici\u00f3 de tercers, vendran o llogaran.<\/p>\n<p><\/p>\n<p>El Responsable no cedir\u00e0 les dades a tercers sense previ consentiment informat i ajustat als requisits legalment exigibles, per part de l\u2019usuari.<\/p>\n<p><\/p>\n<p>El Responsable podr\u00e0 cedir les dades a tercers en els casos d\u2019obligacions legals, sense necessitat de requerir el consentiment de l\u2019usuari.<\/p>\n<p><\/p>\n<p>Les dades personals facilitades mitjan\u00e7ant els formularis web poden ser compartides amb els membres del consorci amb els que Eurecat hi col\u00b7labora, \u00fanicament per la finalitat de respondre a la seva sol\u00b7licitud o contacte i dur a terme les accions id\u00f2nies per la correcta execuci\u00f3 de les finalitats del formulari en q\u00fcesti\u00f3. En cap cas, l\u2019acc\u00e9s a les dades per part dels membres del consorci suposar\u00e0 una cessi\u00f3 de dades amb l\u2019objectiu d\u2019utilitzar-les per finalitats pr\u00f2pies. Pot consultar <a href=\"https:\/\/nhoa-project.eu\/ca\/consorci\/\">el llistat dels membres del consorci aqu\u00ed<\/a>.<\/p>\n<p><\/p>\n<p><strong>Quant de temps es conservaran les dades? <\/strong><\/p>\n<p>Eurecat tractar\u00e0 les dades mentre siguin necess\u00e0ries per dur a terme les finalitats per les quals han estat proporcionades, durant el termini legal i, en qualsevol cas, fins que es sol\u00b7liciti la seva supressi\u00f3.<\/p>\n<p><\/p>\n<p>Tot i que l\u2019usuari sol\u00b7liciti la supressi\u00f3 de les seves dades, el Responsable podr\u00e0 guardar-les degudament bloquejades, durant el termini necessari per fer front a les obligacions legals relacionades o b\u00e9, per posar-les a disposici\u00f3 de tercers amb la compet\u00e8ncia pertinent pel compliment d\u2019obligacions legals. En<\/p>\n<p><\/p>\n<p><strong>Es realitzaran transfer\u00e8ncies internacionals amb les seves dades?<\/strong><\/p>\n<p>Les seves dades no son objecte de transfer\u00e8ncies internacionals de dades, aix\u00f2 implica fora de l\u2019Espai Econ\u00f2mic Europeu (\u201c<strong>EEE<\/strong>\u201d). Sense perjudici de l\u2019anterior, Eurecat pot tenir relacions amb prove\u00efdors de serveis situats o que prestin els serveis fora del EEE, en aquest sentit, el Responsable assegura a l\u2019usuari que les seves dades personals subjectes a transfer\u00e8ncies internacionals es protegiran amb les garanties legals que escauen i en qualsevol cas, complint amb les mesures legals establertes per la legislaci\u00f3 a tal efecte, que podran consistir en cl\u00e0usules tipus o certificacions de terceres, aprovades per la Uni\u00f3 Europea.<\/p>\n<p><\/p>\n<p><strong>Les seves dades estan subjectes a decisions automatitzades o l\u2019elaboraci\u00f3 de perfils?<\/strong><\/p>\n<p>Les seves dades no estan sotmeses a decisions automatitzades ni a l\u2019elaboraci\u00f3 de perfils fruit dels tractaments de dades realitzar per Eurecat a la Web.<\/p>\n<p><\/p>\n<p>Eurecat, fruit de la instal\u00b7laci\u00f3 de cookies access\u00f2ries acceptades per l\u2019usuari, pot realitzar elaboraci\u00f3 de perfils del processament de les seves dades de navegaci\u00f3, amb el prop\u00f2sit d\u2019adequar la web a les seves prefer\u00e8ncies, realitzar millores i est\u00e0tiques dels continguts i serveis de la web. L\u2019elaboraci\u00f3 de perfils pel tractament de dades de cookies, queda estrictament lligada al consentiment de la seva instal\u00b7laci\u00f3. L\u2019usuari pot obtenir m\u00e9s informaci\u00f3 en relaci\u00f3 a les cookies i com gestionar-les consultant la Pol\u00edtica de Cookies<\/p>\n<p><\/p>\n<p><strong>Quins s\u00f3n els seus drets?<\/strong><\/p>\n<p>La legislaci\u00f3 vigent atorga una s\u00e8rie de drets als usuaris per ra\u00f3 del tractament de les seves dades, les quals es resumeixen a continuaci\u00f3:<\/p>\n<ol>\n<li><strong> Dret d&#8217;acc\u00e9s:<\/strong> l&#8217;usuari tindr\u00e0 dret a con\u00e8ixer les seves dades personals tractades pel responsable i les finalitats.<\/li>\n<li><strong> Dret de rectificaci\u00f3<\/strong>: l&#8217;usuari pot sol\u00b7licitar la rectificaci\u00f3\/actualitzaci\u00f3 de les seves dades en qualsevol moment.<\/li>\n<li><strong> Dret de supressi\u00f3:<\/strong> l&#8217;usuari podr\u00e0 sol\u00b7licitar, en qualsevol moment, que les seves dades personals siguin suprimides dels fitxers del responsable. No obstant aix\u00f2, i tal com s\u2019indica a l&#8217;apartat de conservaci\u00f3 de dades, en determinades circumst\u00e0ncies, el compliment de la legislaci\u00f3 vigent pot impedir l&#8217;efectiu exercici d&#8217;aquest dret.<\/li>\n<li><strong> Dret d&#8217;oposici\u00f3<\/strong>: l&#8217;usuari podr\u00e0 oposar-se al tractament de les seves dades en relaci\u00f3 amb qualsevol de les finalitats amb qu\u00e8 el responsable tracti les seves dades, d&#8217;acord amb les pol\u00edtiques de privacitat aplicables en cada cas.<\/li>\n<li><strong> Dret de limitaci\u00f3 del tractament<\/strong>: l&#8217;usuari podr\u00e0 sol\u00b7licitar la limitaci\u00f3 del tractament en els seg\u00fcents casos:<\/li>\n<li>Si considera que les dades no s\u00f3n correctes o exactes;<\/li>\n<li>Si considera que no s&#8217;estan tractant les seves dades de forma leg\u00edtima, per\u00f2 prefereix que limitem el tractament dels mateixos a la seva eliminaci\u00f3;<\/li>\n<li>Si les dades ja no son necess\u00e0ries d&#8217;acord amb la finalitat per als quals van ser recollides, per\u00f2 necessita que es conservin per a interposar reclamacions legals;<\/li>\n<li>Si, havent exercit el dret d&#8217;oposici\u00f3 a algun tractament, est\u00e0 pendent de resposta al respecte per part del responsable.<\/li>\n<li><strong> Dret a la portabilitat de les seves dades:<\/strong><\/li>\n<\/ol>\n<p>l&#8217;usuari tindr\u00e0 dret a, sempre que sigui possible t\u00e8cnicament i sigui raonable, sol\u00b7licitar que les dades personals que hagi proporcionat directament siguin comunicades a un altre responsable del tractament.<\/p>\n<p><\/p>\n<p><strong>Com pot exercir els seus dret?<\/strong><\/p>\n<p>Tot i que les seves dades hagin estat adquirits mitjan\u00e7ant el seu consentiment, l\u2019usuari podr\u00e0 revocar-lo en qualsevol moment, sense que tingui conseq\u00fc\u00e8ncies m\u00e9s enll\u00e0 de, segons el dret exercit, no poder prestar-li determinats serveis.<\/p>\n<p><\/p>\n<p>L\u2019exercici dels drets per part dels usuaris haur\u00e0 de ser en els termes i condicions previstos a la legislaci\u00f3 vigent dirigint-se a Eurecat per algun dels seg\u00fcents mitjans:<\/p>\n<p>(i). Correu electr\u00f2nic dirigit a <a href=\"mailto:legal@eurecat.org\">legal@eurecat.org<\/a><\/p>\n<p>(ii). Correu postal dirigit al Parc Tecnol\u00f2gic del Vall\u00e8s. Avda. Universitat Aut\u00f2noma 23, 08290 Cerdanyola del Vall\u00e8s (BCN)<\/p>\n<p><\/p>\n<p>L\u2019usuari podr\u00e0 posar-se en contacte amb el Delegat de Protecci\u00f3 de dades del Responsable dirigint-se a <a href=\"mailto:dpo@eurecat.org\">dpo@eurecat.org<\/a><\/p>\n<p><\/p>\n<p>L\u2019usuari, podr\u00e0 presentar una reclamaci\u00f3 front l\u2019Autoritat de Control Competent en mat\u00e8ria de protecci\u00f3 de dades, si considera que no s\u2019han tractat les seves dades de forma l\u00edcita o, que no s\u2019han at\u00e8s les seves sol\u00b7licituds o drets. L\u2019Autoritat de Control Competent \u00e9s la Agencia Espa\u00f1ola de Protecci\u00f3n de Datos (<a href=\"http:\/\/www.aepd.es\">www.aepd.es<\/a>)<\/p>\n<p><strong>&nbsp;<\/strong><\/p>\n<p><\/p>\n<p><\/p>\t\t\t\t\t\t\t\t<\/div>\n\t\t\t\t<\/div>\n\t\t\t\t\t<\/div>\n\t\t<\/div>\n\t\t\t\t<div class=\"elementor-column elementor-col-16 elementor-top-column elementor-element elementor-element-8de16ad\" data-id=\"8de16ad\" data-element_type=\"column\" data-e-type=\"column\">\n\t\t\t<div class=\"elementor-widget-wrap\">\n\t\t\t\t\t\t\t<\/div>\n\t\t<\/div>\n\t\t\t\t\t<\/div>\n\t\t<\/section>\n\t\t\t\t<section class=\"elementor-section elementor-top-section elementor-element elementor-element-7ffef545 elementor-section-boxed elementor-section-height-default elementor-section-height-default\" data-id=\"7ffef545\" data-element_type=\"section\" data-e-type=\"section\">\n\t\t\t\t\t\t<div class=\"elementor-container elementor-column-gap-default\">\n\t\t\t\t\t<div class=\"elementor-column elementor-col-100 elementor-top-column elementor-element elementor-element-8027b5d\" data-id=\"8027b5d\" data-element_type=\"column\" data-e-type=\"column\">\n\t\t\t<div class=\"elementor-widget-wrap\">\n\t\t\t\t\t\t\t<\/div>\n\t\t<\/div>\n\t\t\t\t\t<\/div>\n\t\t<\/section>\n\t\t\t\t<\/div>\n\t\t","protected":false},"excerpt":{"rendered":"<p>Qui \u00e9s el Responsable del Tractament de les seves dades personals? Responsable del Tractament: FUNDACI\u00d3 EURECAT (\u201cEurecat\u201d o el \u201cResponsable\u201d) C.I.F: &nbsp;G-66210345 Adre\u00e7a: Parc Tecnol\u00f2gic del Vall\u00e8s. Avda. Universitat Aut\u00f2noma 23, 08290 Cerdanyola del Vall\u00e8s Correu electr\u00f2nic: legal@eurecat.org Tel\u00e8fon: +34 93 238 14 00 Contacte del Delegat de Protecci\u00f3 de Dades: dpo@eurecat.org Amb quina finalitat&hellip;<\/p>\n","protected":false},"author":3,"featured_media":0,"parent":0,"menu_order":0,"comment_status":"closed","ping_status":"closed","template":"","meta":{"footnotes":""},"class_list":["post-78761","page","type-page","status-publish","hentry"],"_links":{"self":[{"href":"https:\/\/nhoa-project.eu\/ca\/wp-json\/wp\/v2\/pages\/78761","targetHints":{"allow":["GET"]}}],"collection":[{"href":"https:\/\/nhoa-project.eu\/ca\/wp-json\/wp\/v2\/pages"}],"about":[{"href":"https:\/\/nhoa-project.eu\/ca\/wp-json\/wp\/v2\/types\/page"}],"author":[{"embeddable":true,"href":"https:\/\/nhoa-project.eu\/ca\/wp-json\/wp\/v2\/users\/3"}],"replies":[{"embeddable":true,"href":"https:\/\/nhoa-project.eu\/ca\/wp-json\/wp\/v2\/comments?post=78761"}],"version-history":[{"count":1,"href":"https:\/\/nhoa-project.eu\/ca\/wp-json\/wp\/v2\/pages\/78761\/revisions"}],"predecessor-version":[{"id":78765,"href":"https:\/\/nhoa-project.eu\/ca\/wp-json\/wp\/v2\/pages\/78761\/revisions\/78765"}],"wp:attachment":[{"href":"https:\/\/nhoa-project.eu\/ca\/wp-json\/wp\/v2\/media?parent=78761"}],"curies":[{"name":"wp","href":"https:\/\/api.w.org\/{rel}","templated":true}]}}