{"id":78866,"date":"2022-10-10T07:44:40","date_gmt":"2022-10-10T07:44:40","guid":{"rendered":"https:\/\/nhoa-project.eu\/?page_id=78866"},"modified":"2022-10-13T08:04:41","modified_gmt":"2022-10-13T08:04:41","slug":"politica-de-cookies","status":"publish","type":"page","link":"https:\/\/nhoa-project.eu\/ca\/politica-de-cookies\/","title":{"rendered":"Pol\u00edtica de cookies"},"content":{"rendered":"\n<p><strong>Qu\u00e8 s\u00f3n les cookies i perqu\u00e8 s\u2019utilitzen?<\/strong><\/p>\n\n\n\n<p>Una cookie \u00e9s un fitxer que es descarrega al dispositiu de l\u2019usuari a l\u2019accedir a determinats lloc web per emmagatzemar i recuperar informaci\u00f3 sobre la navegaci\u00f3 que s\u2019efectua des del seu equip.&nbsp;<\/p>\n\n\n\n<p>Les cookies permeten a aquest web, entre altres coses, emmagatzemar i recuperar informaci\u00f3 sobre les decisions i h\u00e0bits de l\u2019usuari. Algunes de les cookies utilitzades al web s\u00f3n necess\u00e0ries per al funcionament d\u2019aquesta.<\/p>\n\n\n\n<p>\u00c9s important destacar que l\u2019\u00fas de cookies no proporciona dades personals de l\u2019usuari.<\/p>\n\n\n\n<p>Aquest web utilitza cookies pr\u00f2pies i de tercers les quals es detallen m\u00e9s endavant, tingui en compte que la instal\u00b7laci\u00f3 d\u2019algunes de les cookies que figuren a la Web s\u00f3n necess\u00e0ries per al funcionament i la seva instal\u00b7laci\u00f3 no requereix el consentiment.<\/p>\n\n\n\n<p><strong>Quins tipus de cookies existeixen?<\/strong><\/p>\n\n\n\n<p>Las cookies, en funci\u00f3 del temps que estan activades, poden dividir-se en cookies de sessi\u00f3 o permanents:<\/p>\n\n\n\n<ul class=\"wp-block-list\"><li><strong>Cookies de sessi\u00f3: <\/strong>les dades que recaven i emmagatzemen aquestes cookies es recullen mentre l\u2019usuari navega per la Web i son eliminades al tancar el navegador. Acostumen a utilitzar-se per emmagatzemar informaci\u00f3 que interessa conservar per la prestaci\u00f3 del servei per a l\u2019usuari&nbsp; sol\u00b7licita puntualment.<\/li><li><strong>Cookies persistents:<\/strong> amb aquestes cookies les dades continuant emmagatzemades a l\u2019equip de l\u2019usuari durant un per\u00edode de temps determinat, facilitant aix\u00ed el control de les prefer\u00e8ncies escollides per l\u2019usuari sense haver de repetir certa par\u00e0metres cada cop que aquest visita la Web.<\/li><\/ul>\n\n\n\n<p>Addicionalment, segons l\u2019entat que les gestioni, les cookies poden classificar-se com pr\u00f2pies o de tercers:<\/p>\n\n\n\n<ul class=\"wp-block-list\"><li><strong>Cookies pr\u00f2pies: <\/strong>aquestes cookies s\u2019envien a l\u2019equip de l\u2019usuari des de un domini o terminal per el propi editor i des de el qual es presta el servei sol\u00b7licitat per<\/li><li><strong>Cookies de tercers:<\/strong> aquestes cookies s\u2019envien a l\u2019equip del usuari des de un equip o domini que no est\u00e0 gestionat per l\u2019editor, sin\u00f3 que est\u00e0 gestionar per un altra entitat que tracte les dades obtingudes a trav\u00e9s de les cookies.<\/li><\/ul>\n\n\n\n<p>Respecte a la finalitat, las cookies poden ser:<\/p>\n\n\n\n<ul class=\"wp-block-list\"><li><strong>Cookies t\u00e8cniques: <\/strong>aquestes cookies permeten controlar el tr\u00e0nsit i la comunicaci\u00f3 de dades<\/li><li><strong>Cookies de personalitzaci\u00f3: <\/strong>aquestes cookies deixen accedir als usuaris segons algunes caracter\u00edstiques pr\u00f2pies que es recullen (navegador, idioma, etc.).<\/li><li><strong>Cookies de an\u00e0lisis: <\/strong>aquestes cookies permeten al responsable d\u2019aquestes, el seguiment y an\u00e0lisis del comportament dels &nbsp;usuaris de les webs y permeten elaborar un perfil de usuari.<\/li><li><strong>Cookies publicit\u00e0ries:<\/strong> aquestes cookies recullen dades sobre la gesti\u00f3 dels espais publicitaris de la web<\/li><\/ul>\n\n\n\n<p><strong><u>Quines cookies utilitza la web?<\/u><\/strong><\/p>\n\n\n\n<p>L\u2019usuari pot consultar i configurar l\u2019\u00fas de las cookies del web al <a id=\"wt-cli-settings-btn\" tabindex=\"0\" role='button' style=\"border-bottom:1px solid; text-decoration:none;\" class=\"wt-cli-element medium cli-plugin-button cli-plugin-main-button cli_settings_button\" >Configuraci\u00f3 de les cookies<\/a><\/p>\n\n\n\n<p>\u00c9s important que l\u2019usuari tingui en compte que tot i configurar les cookies de la Web, algunes de les cookies instal\u00b7lades s\u00f3n necess\u00e0ries per a poder utilitzar correctament la web, aquestes cookies no requereixen del seu consentiment ni gesti\u00f3.<\/p>\n\n\n\n<table class=\"wt-cli-element cookielawinfo-row-cat-table cookielawinfo-classic\"><thead><tr><th scope=\"col\" class=\"cookielawinfo-column-1\">Cookie<\/th><th scope=\"col\" class=\"cookielawinfo-column-2\">Tipus<\/th><th scope=\"col\" class=\"cookielawinfo-column-3\">Duraci\u00f3<\/th><th scope=\"col\" class=\"cookielawinfo-column-4\">Descripci\u00f3<\/th><\/tr><\/thead><tbody><tr class=\"cookielawinfo-row\"><td class=\"cookielawinfo-column-1\">_ga<\/td><td class=\"cookielawinfo-column-2\">persistent<\/td><td class=\"cookielawinfo-column-3\">2 anys<\/td><td class=\"cookielawinfo-column-4\">Aquesta cookie \u00e9s instal\u00b7lada per Google Analytics. La cookie s\u2019utilitza per calcular dades de visitants, sessions, camapign i fer un seguiment de l\u2019\u00fas del lloc per a l\u2019informe d\u2019an\u00e0lisi del lloc. Les cookies emmagatzemen informaci\u00f3 de forma an\u00f2nima i assignen un n\u00famero generat aleat\u00f2riament per identificar visitants \u00fanics.<\/td><\/tr><tr class=\"cookielawinfo-row\"><td class=\"cookielawinfo-column-1\">_gat_gtag_UA_65990622_51<\/td><td class=\"cookielawinfo-column-2\">1 minut<\/td><td class=\"cookielawinfo-column-3\"><\/td><td class=\"cookielawinfo-column-4\">Aquesta cookie est\u00e0 instal\u00b7lada per Google Universal Analytics per restringir la taxa de sol\u00b7licitud i, per tant, limitar la recollida de dades en llocs d'alt tr\u00e0nsit.<\/td><\/tr><tr class=\"cookielawinfo-row\"><td class=\"cookielawinfo-column-1\">_gid<\/td><td class=\"cookielawinfo-column-2\"><\/td><td class=\"cookielawinfo-column-3\">1 dia<\/td><td class=\"cookielawinfo-column-4\">Aquesta cookie \u00e9s instal\u00b7lada per Google Analytics. La cookie s\u2019utilitza per emmagatzemar informaci\u00f3 sobre com els visitants fan servir un lloc web i ajuda a crear un informe d\u2019an\u00e0lisi de com est\u00e0 funcionant el lloc web. Les dades recopilades, inclosos el nombre de visitants, la font d\u2019on han vingut, i les p\u00e0gines visitats de forma an\u00f2nima.<\/td><\/tr><tr class=\"cookielawinfo-row\"><td class=\"cookielawinfo-column-1\">cookielawinfo-checkbox-analytics<\/td><td class=\"cookielawinfo-column-2\"><\/td><td class=\"cookielawinfo-column-3\">11 mesos<\/td><td class=\"cookielawinfo-column-4\">Aquesta cookie est\u00e0 establerta pel connector de Consentiment de cookie de GDPR. La cookie s'utilitza per emmagatzemar el consentiment de l'usuari per a les cookie en la categoria \"Analytics\".<\/td><\/tr><tr class=\"cookielawinfo-row\"><td class=\"cookielawinfo-column-1\">cookielawinfo-checkbox-functional<\/td><td class=\"cookielawinfo-column-2\"><\/td><td class=\"cookielawinfo-column-3\">11 mesos<\/td><td class=\"cookielawinfo-column-4\">La cookie est\u00e0 establerta per consentiment de la cookie de GDPR per registrar el consentiment de l'usuari per a les cookies en la categoria \"Funcional\".<\/td><\/tr><tr class=\"cookielawinfo-row\"><td class=\"cookielawinfo-column-1\">cookielawinfo-checkbox-necessary<\/td><td class=\"cookielawinfo-column-2\"><\/td><td class=\"cookielawinfo-column-3\">1 any<\/td><td class=\"cookielawinfo-column-4\">Aquesta cookie la defineix el connector de consentiment de cookies de GDPR. Les cookies s\u2019utilitzen per emmagatzemar el consentiment de l\u2019usuari per a les cookies de la categoria \u201cNecess\u00e0ries\u201d.<\/td><\/tr><tr class=\"cookielawinfo-row\"><td class=\"cookielawinfo-column-1\">cookielawinfo-checkbox-performance<\/td><td class=\"cookielawinfo-column-2\"><\/td><td class=\"cookielawinfo-column-3\">11 mesos<\/td><td class=\"cookielawinfo-column-4\">Aquesta cookie est\u00e0 establerta pel connector de Consentiment de cookies de GDPR. La cookie s'utilitza per emmagatzemar el consentiment de l'usuari per a les cookies a la categoria \u00abRendiment\u00bb.<\/td><\/tr><tr class=\"cookielawinfo-row\"><td class=\"cookielawinfo-column-1\">cookielawinfo-checkbox-preferences<\/td><td class=\"cookielawinfo-column-2\"><\/td><td class=\"cookielawinfo-column-3\">1 any<\/td><td class=\"cookielawinfo-column-4\">Aquesta cookie l'estableix el connector de Consentiment de la Cookie del GDPR per comprovar si l'usuari ha donat el seu consentiment per utilitzar galetes a la categoria \u00abPrefer\u00e8ncies\u00bb.<\/td><\/tr><tr class=\"cookielawinfo-row\"><td class=\"cookielawinfo-column-1\">CookieLawInfoConsent<\/td><td class=\"cookielawinfo-column-2\"><\/td><td class=\"cookielawinfo-column-3\">1 any<\/td><td class=\"cookielawinfo-column-4\">Registra l'estat predeterminat del bot\u00f3 de la categoria corresponent . l'estat de CCPA. Nom\u00e9s funciona en coordinaci\u00f3 amb la galeta principal.<\/td><\/tr><tr class=\"cookielawinfo-row\"><td class=\"cookielawinfo-column-1\">elementor<\/td><td class=\"cookielawinfo-column-2\"><\/td><td class=\"cookielawinfo-column-3\">mai<\/td><td class=\"cookielawinfo-column-4\">Aquesta galeta \u00e9s utilitzada pel tema del WordPress del lloc web. Permet al propietari del lloc web implementar o canviar el contingut del lloc web en temps real.<\/td><\/tr><tr class=\"cookielawinfo-row\"><td class=\"cookielawinfo-column-1\">viewed_cookie_policy<\/td><td class=\"cookielawinfo-column-2\">0<\/td><td class=\"cookielawinfo-column-3\">11 mesos<\/td><td class=\"cookielawinfo-column-4\">La cookie la defineix el connector de consentiment de cookies de GDPR i s\u2019utilitza per emmagatzemar si l\u2019usuari ha consentit o no l\u2019\u00fas de cookies. No emmagatzema cap dada personal.<\/td><\/tr><tr class=\"cookielawinfo-row\"><td class=\"cookielawinfo-column-1\">wp-wpml_current_language<\/td><td class=\"cookielawinfo-column-2\">session<\/td><td class=\"cookielawinfo-column-3\">sessio<\/td><td class=\"cookielawinfo-column-4\">Emmagatzema l'idioma actual. Per defecte, aquesta galeta nom\u00e9s s\u2019estableix per als usuaris connectats.<\/td><\/tr><\/tbody><\/table>\n\n\n\n<p><strong>Como des habilitar las cookies al seu navegador?<\/strong><\/p>\n\n\n\n<p>La configuraci\u00f3 de les cookies es veu reflectida en el navegador utilitzat per l\u2019usuari, tot i aix\u00f2 s\u2019informa a l\u2019usuari de com \u00a0pot permetre, bloquejar o eliminar les cookies en el seu equip mitjan\u00e7ant la configuraci\u00f3 de les opcions del seu navegador escollit per a navegar. Llegeixi atentament la secci\u00f3 d\u2019ajuda del navegador per con\u00e8ixer amb detall com activar el \u201cmode privat\u201d o desbloquejar determinades cookies.<\/p>\n\n\n\n<p>En funci\u00f3 del navegador utilitzat per l\u2019usuari i les seves funcionalitat, pot suposar la instal\u00b7laci\u00f3 de cookies les quals s\u00f3n considerades de tercers. Per exemple, si l\u2019usuari utilitza el navegador de Google i utilitza l\u2019opci\u00f3 d\u2019aquest de traduir el idioma del lloc web, Google instal\u00b7la cookies a l\u2019equip de l\u2019usuari les quals no estan gestionades per el responsable d\u2019aquesta Web i de les quals tampoc en te responsabilitat.<\/p>\n\n\n\n<p>A continuaci\u00f3 els links a les instruccions de configuraci\u00f3 de cookies de los navegadors:<\/p>\n\n\n\n<ul class=\"wp-block-list\"><li>Informaci\u00f3n sobre cookies para&nbsp;<a href=\"https:\/\/support.microsoft.com\/es-es\/help\/17442\/windows-internet-explorer-delete-manage-cookies\">Internet Explorer<\/a>.<\/li><li>Informaci\u00f3n sobre cookies para&nbsp;<a href=\"https:\/\/support.mozilla.org\/es\/kb\/habilitar-y-deshabilitar-cookies-que-los-sitios-we\">Mozilla Firefox<\/a>.<\/li><li>Informaci\u00f3n sobre cookies para&nbsp;<a href=\"http:\/\/help.opera.com\/Windows\/11.50\/es-ES\/cookies.html\">Opera<\/a>.<\/li><li>Informaci\u00f3n sobre cookies para&nbsp;<a href=\"https:\/\/support.google.com\/accounts\/answer\/61416?hl=es\">Google Chrome<\/a>.<\/li><li>Informaci\u00f3n sobre cookies para&nbsp;<a href=\"https:\/\/support.apple.com\/es-es\/HT201265\">Safari<\/a>.<\/li><\/ul>\n\n\n\n<p><strong>Informaci\u00f3n adicional<\/strong><\/p>\n\n\n\n<p>Per a una major informaci\u00f3 sobre l\u2019\u00fas de les cookies i com bloquejar-les, accedeix a<a> <\/a><a href=\"http:\/\/www.allaboutcookies.org\">www.allaboutcookies.org<\/a>, <a href=\"http:\/\/www.youronlinechoices.eu\">www.youronlinechoices.eu<\/a>. Si teniu qualsevol pregunta o comentari sobre el nostre \u00fas de cookies, si us plau contacteu amb nosaltres via correu electr\u00f2nic a \u00a0<a href=\"mailto:info@eurecat.org\">info@eurecat.org<\/a> com a responsable de la web o b\u00e9 com a prove\u00efdor del servei de gesti\u00f3 d\u2019aquesta web.<\/p>\n","protected":false},"excerpt":{"rendered":"<p>Qu\u00e8 s\u00f3n les cookies i perqu\u00e8 s\u2019utilitzen? Una cookie \u00e9s un fitxer que es descarrega al dispositiu de l\u2019usuari a l\u2019accedir a determinats lloc web per emmagatzemar i recuperar informaci\u00f3 sobre la navegaci\u00f3 que s\u2019efectua des del seu equip.&nbsp; Les cookies permeten a aquest web, entre altres coses, emmagatzemar i recuperar informaci\u00f3 sobre les decisions&hellip;<\/p>\n","protected":false},"author":3,"featured_media":0,"parent":0,"menu_order":0,"comment_status":"closed","ping_status":"closed","template":"","meta":{"footnotes":""},"class_list":["post-78866","page","type-page","status-publish","hentry"],"_links":{"self":[{"href":"https:\/\/nhoa-project.eu\/ca\/wp-json\/wp\/v2\/pages\/78866","targetHints":{"allow":["GET"]}}],"collection":[{"href":"https:\/\/nhoa-project.eu\/ca\/wp-json\/wp\/v2\/pages"}],"about":[{"href":"https:\/\/nhoa-project.eu\/ca\/wp-json\/wp\/v2\/types\/page"}],"author":[{"embeddable":true,"href":"https:\/\/nhoa-project.eu\/ca\/wp-json\/wp\/v2\/users\/3"}],"replies":[{"embeddable":true,"href":"https:\/\/nhoa-project.eu\/ca\/wp-json\/wp\/v2\/comments?post=78866"}],"version-history":[{"count":1,"href":"https:\/\/nhoa-project.eu\/ca\/wp-json\/wp\/v2\/pages\/78866\/revisions"}],"predecessor-version":[{"id":78875,"href":"https:\/\/nhoa-project.eu\/ca\/wp-json\/wp\/v2\/pages\/78866\/revisions\/78875"}],"wp:attachment":[{"href":"https:\/\/nhoa-project.eu\/ca\/wp-json\/wp\/v2\/media?parent=78866"}],"curies":[{"name":"wp","href":"https:\/\/api.w.org\/{rel}","templated":true}]}}