{"id":78767,"date":"2022-09-27T09:52:56","date_gmt":"2022-09-27T09:52:56","guid":{"rendered":"https:\/\/nhoa-project.eu\/?page_id=78767"},"modified":"2022-09-27T10:49:58","modified_gmt":"2022-09-27T10:49:58","slug":"informacion-tratamiento-de-datos","status":"publish","type":"page","link":"https:\/\/nhoa-project.eu\/es\/informacion-tratamiento-de-datos\/","title":{"rendered":"Informaci\u00f3n Tratamiento de Datos"},"content":{"rendered":"\t\t<div data-elementor-type=\"wp-page\" data-elementor-id=\"78767\" class=\"elementor elementor-78767 elementor-78727\" data-elementor-post-type=\"page\">\n\t\t\t\t\t\t<section class=\"elementor-section elementor-top-section elementor-element elementor-element-6be1228 elementor-section-boxed elementor-section-height-default elementor-section-height-default\" data-id=\"6be1228\" data-element_type=\"section\" data-e-type=\"section\">\n\t\t\t\t\t\t<div class=\"elementor-container elementor-column-gap-default\">\n\t\t\t\t\t<div class=\"elementor-column elementor-col-16 elementor-top-column elementor-element elementor-element-1b3ff53\" data-id=\"1b3ff53\" data-element_type=\"column\" data-e-type=\"column\">\n\t\t\t<div class=\"elementor-widget-wrap\">\n\t\t\t\t\t\t\t<\/div>\n\t\t<\/div>\n\t\t\t\t<div class=\"elementor-column elementor-col-66 elementor-top-column elementor-element elementor-element-7c6e40b\" data-id=\"7c6e40b\" data-element_type=\"column\" data-e-type=\"column\">\n\t\t\t<div class=\"elementor-widget-wrap elementor-element-populated\">\n\t\t\t\t\t\t<div class=\"elementor-element elementor-element-34a2811 elementor-widget elementor-widget-text-editor\" data-id=\"34a2811\" data-element_type=\"widget\" data-e-type=\"widget\" data-widget_type=\"text-editor.default\">\n\t\t\t\t<div class=\"elementor-widget-container\">\n\t\t\t\t\t\t\t\t\t<p><strong>Responsable del Tratamiento<\/strong>: El Responsable del Tratamiento de los datos es Fundaci\u00f3 Eurecat con CIF G66210345 y domicilio en Av. Universitat Aut\u00f2noma 23, 08290, Cerdanyola del Vall\u00e8s (BCN), legal@eurecat.org (el \u201cResponsable\u201d) Datos de contacto del Delegado de Protecci\u00f3n de Datos dpo@eurecat.org<\/p><p><strong>Finalidad:<\/strong> se tratar\u00e1n datos identificativos y de contacto (nombre, tel\u00e9fono, email) y datos e informaciones indicadas en el cuerpo del formulario para la finalidad de gestionar y responder la comunicaci\u00f3n iniciada por el usuario.<\/p><p><strong>Legitimaci\u00f3n<\/strong>: La base de legitimaci\u00f3n del tratamiento de los datos son las acciones pertinentes para la gesti\u00f3n de la respuesta al contacto (art 6.1 b) RGPD).<\/p><p><strong>Destinatarios<\/strong>: Los datos no son objeto de cesi\u00f3n a terceros, a pesar de ello, los datos pueden ser compartidos con otros miembros del consorcio en caso de que sea necesario para gestionar la comunicaci\u00f3n. No obstante, los datos pueden ser accesibles por terceros proveedores de servicios del Responsable del Tratamiento o bien por obligaci\u00f3n legal. Puede obtener la informaci\u00f3n completa en la Pol\u00edtica de Privacidad.<\/p><p><strong>Conservaci\u00f3n<\/strong>: Los datos se conservar\u00e1n mientras sean necesarios para llevar a cabo la finalidad, o bien, hasta que se solicite su supresi\u00f3n.<\/p><p><strong>Elaboraci\u00f3n de perfiles i decisiones automatizadas<\/strong>: los datos no ser\u00e1n objeto de decisiones automatizadas ni a la elaboraci\u00f3n de perfiles.<\/p><p><strong>Derechos<\/strong>: El consentimiento puede revocarse en cualquier momento. Tiene derecho a acceder, rectificar y suprimir los datos, a limitar el tratamiento, oponerse al mismo o ejercer el derecho a la portabilidad de los datos. Estos derechos se pueden ejercer en los t\u00e9rminos y condiciones previstos en la legislaci\u00f3n vigente, en el domicilio social del Responsable del Tratamiento: Fundaci\u00f3 Eurecat a Av. Universitat Aut\u00f2noma 23, 08290 Cerdanyola del Vall\u00e8s (Barcelona), o por correo electr\u00f3nico a legal@eurecat.org<\/p><p><strong>Autoridad de Control<\/strong>: En el supuesto que no obtenga respuesta satisfactoria i quiera formular una reclamaci\u00f3n u obtener m\u00e1s informaci\u00f3n al respecto de sus derechos, puede acudir a la Agencia Espa\u00f1ola de Protecci\u00f3n de Datos (www.agpd.es).<\/p><p><strong>M\u00e1s informaci\u00f3n<\/strong>: puede consultar y ampliar la informaci\u00f3n proporcionada en relaci\u00f3n el tratamiento de los datos en la Pol\u00edtica de Privacidad<\/p>\t\t\t\t\t\t\t\t<\/div>\n\t\t\t\t<\/div>\n\t\t\t\t\t<\/div>\n\t\t<\/div>\n\t\t\t\t<div class=\"elementor-column elementor-col-16 elementor-top-column elementor-element elementor-element-67d56ed\" data-id=\"67d56ed\" data-element_type=\"column\" data-e-type=\"column\">\n\t\t\t<div class=\"elementor-widget-wrap\">\n\t\t\t\t\t\t\t<\/div>\n\t\t<\/div>\n\t\t\t\t\t<\/div>\n\t\t<\/section>\n\t\t\t\t<\/div>\n\t\t","protected":false},"excerpt":{"rendered":"<p>Responsable del Tratamiento: El Responsable del Tratamiento de los datos es Fundaci\u00f3 Eurecat con CIF G66210345 y domicilio en Av. Universitat Aut\u00f2noma 23, 08290, Cerdanyola del Vall\u00e8s (BCN), legal@eurecat.org (el \u201cResponsable\u201d) Datos de contacto del Delegado de Protecci\u00f3n de Datos dpo@eurecat.org Finalidad: se tratar\u00e1n datos identificativos y de contacto (nombre, tel\u00e9fono, email) y datos e&hellip;<\/p>\n","protected":false},"author":3,"featured_media":0,"parent":0,"menu_order":0,"comment_status":"closed","ping_status":"closed","template":"","meta":{"footnotes":""},"class_list":["post-78767","page","type-page","status-publish","hentry"],"_links":{"self":[{"href":"https:\/\/nhoa-project.eu\/es\/wp-json\/wp\/v2\/pages\/78767","targetHints":{"allow":["GET"]}}],"collection":[{"href":"https:\/\/nhoa-project.eu\/es\/wp-json\/wp\/v2\/pages"}],"about":[{"href":"https:\/\/nhoa-project.eu\/es\/wp-json\/wp\/v2\/types\/page"}],"author":[{"embeddable":true,"href":"https:\/\/nhoa-project.eu\/es\/wp-json\/wp\/v2\/users\/3"}],"replies":[{"embeddable":true,"href":"https:\/\/nhoa-project.eu\/es\/wp-json\/wp\/v2\/comments?post=78767"}],"version-history":[{"count":1,"href":"https:\/\/nhoa-project.eu\/es\/wp-json\/wp\/v2\/pages\/78767\/revisions"}],"predecessor-version":[{"id":78771,"href":"https:\/\/nhoa-project.eu\/es\/wp-json\/wp\/v2\/pages\/78767\/revisions\/78771"}],"wp:attachment":[{"href":"https:\/\/nhoa-project.eu\/es\/wp-json\/wp\/v2\/media?parent=78767"}],"curies":[{"name":"wp","href":"https:\/\/api.w.org\/{rel}","templated":true}]}}