{"id":78864,"date":"2022-10-10T07:44:40","date_gmt":"2022-10-10T07:44:40","guid":{"rendered":"https:\/\/nhoa-project.eu\/?page_id=78864"},"modified":"2022-10-13T08:05:15","modified_gmt":"2022-10-13T08:05:15","slug":"politica-de-cookies","status":"publish","type":"page","link":"https:\/\/nhoa-project.eu\/es\/politica-de-cookies\/","title":{"rendered":"Pol\u00edtica de cookies"},"content":{"rendered":"\n<p><strong>\u00bfQu\u00e9 son las cookies y por qu\u00e9 se utilizan?<\/strong><\/p>\n\n\n\n<p>Una cookie es un archivo que se descarga en el dispositivo del usuario para acceder a un determinado sitio web para almacenar y recuperar informaci\u00f3n sobre la navegaci\u00f3n que se hace en el ordenador.<\/p>\n\n\n\n<p>Las cookies permiten a este sitio web, entre otras cosas, almacenar y recuperar informaci\u00f3n sobre las opciones y los h\u00e1bitos del usuario.&nbsp;En este sitio web, las cookies que existen son necesarias para el funcionamiento de este.<\/p>\n\n\n\n<p>Es importante tener en cuenta que el uso de cookies no proporciona datos personales del usuario.<\/p>\n\n\n\n<p><strong>\u00bfQu\u00e9 tipo de cookies existen?<\/strong><\/p>\n\n\n\n<p>Las cookies, en funci\u00f3n del tiempo que permanecen activadas, pueden dividirse en cookies de sesi\u00f3n o permanentes:<\/p>\n\n\n\n<ul class=\"wp-block-list\"><li><strong>Cookies de sesi\u00f3n: <\/strong>los datos que recaban y almacenan estas cookies se recogen mientras el usuario navega por la p\u00e1gina web, y son eliminadas al cerrar el navegador. Se suelen emplear para almacenar informaci\u00f3n que interesa conservar para la prestaci\u00f3n del servicio solicitado por el usuario en una sola ocasi\u00f3n.<\/li><li><strong>Cookies persistentes:<\/strong> mediante estas cookies los datos contin\u00faan almacenados en el terminal durante un per\u00edodo de tiempo determinado, facilitando as\u00ed el control de las preferencias elegidas sin tener que repetir ciertos par\u00e1metros cada vez que se visite el sitio web.<\/li><\/ul>\n\n\n\n<p>Adicionalmente, seg\u00fan la entidad que las gestione, las cookies pueden clasificarse en propias o de tercero:<\/p>\n\n\n\n<ul class=\"wp-block-list\"><li><strong>Cookies propias: <\/strong>estas cookies se env\u00edan al equipo terminal del usuario desde un equipo o dominio gestionado por el propio editor y desde el cual se presta el servicio solicitado por el usuario.<\/li><li><strong>Cookies de terceros:<\/strong> estas cookies se env\u00edan al equipo terminal del usuario desde un equipo o dominio que no es gestionado por el editor, sino por otra entidad que trata los datos obtenidos trav\u00e9s de las cookies.<\/li><\/ul>\n\n\n\n<p>En cuanto a la finalidad, las cookies pueden ser:<\/p>\n\n\n\n<ul class=\"wp-block-list\"><li><strong>Cookies t\u00e9cnicas: <\/strong>estas cookies permiten controlar el tr\u00e1fico y la comunicaci\u00f3n de datos.<\/li><li><strong>Cookies de personalizaci\u00f3n: <\/strong>estas cookies dejan acceder a los usuarios seg\u00fan algunas caracter\u00edsticas propias que se recogen (navegador, idioma, etc.).<\/li><li><strong>Cookies de an\u00e1lisis: <\/strong>estas cookies permiten al responsable de las mismas el seguimiento y an\u00e1lisis del comportamiento de los usuarios de los sitios web y permiten elaborar un perfil de usuario.<\/li><li><strong>Cookies publicitarias:<\/strong> estas cookies recogen datos sobre la gesti\u00f3n de los espacios publicitarios.<\/li><\/ul>\n\n\n\n<p><strong><u>\u00bfQu\u00e9 tipo de cookies utiliza la web?<\/u><\/strong><\/p>\n\n\n\n<p>El usuario puede consultar y configurar el uso de las cookies de la web en el <a id=\"wt-cli-settings-btn\" tabindex=\"0\" role='button' style=\"border-bottom:1px solid; text-decoration:none;\" class=\"wt-cli-element medium cli-plugin-button cli-plugin-main-button cli_settings_button\" >Configuraci\u00f3n de las cookies<\/a><\/p>\n\n\n\n<p>Es importante que el usuario tenga en cuenta que, aunque configure las cookies de la web, algunas de las cookies instaladas son necesarias para poder utilizar correctamente la web, estas cookies no requieren su consentimiento ni gesti\u00f3n.<\/p>\n\n\n\n<table class=\"wt-cli-element cookielawinfo-row-cat-table cookielawinfo-classic\"><thead><tr><th scope=\"col\" class=\"cookielawinfo-column-1\">Cookie<\/th><th scope=\"col\" class=\"cookielawinfo-column-2\">Tipo<\/th><th scope=\"col\" class=\"cookielawinfo-column-3\">Duraci\u00f3n<\/th><th scope=\"col\" class=\"cookielawinfo-column-4\">Descripci\u00f3n<\/th><\/tr><\/thead><tbody><tr class=\"cookielawinfo-row\"><td class=\"cookielawinfo-column-1\">_ga<\/td><td class=\"cookielawinfo-column-2\">persistente<\/td><td class=\"cookielawinfo-column-3\">2 a\u00f1os<\/td><td class=\"cookielawinfo-column-4\">Esta cookie es instalada por Google Analytics. La cookie se utiliza para calcular los datos de visitantes, sesiones, campa\u00f1as y realizar un seguimiento del uso del sitio para el informe de an\u00e1lisis del sitio. Las cookies almacenan informaci\u00f3n de forma an\u00f3nima y asignan un n\u00famero generado aleatorio para identificar visitantes \u00fanicos.<\/td><\/tr><tr class=\"cookielawinfo-row\"><td class=\"cookielawinfo-column-1\">_gat_gtag_UA_65990622_51<\/td><td class=\"cookielawinfo-column-2\"><\/td><td class=\"cookielawinfo-column-3\">1 minuto<\/td><td class=\"cookielawinfo-column-4\">Esta cookie est\u00e1 instalada por Google Universal Analytics para restringir la tasa de solicitud y, por lo tanto, limitar la recogida de datos en lugares de alto tr\u00e1fico.<\/td><\/tr><tr class=\"cookielawinfo-row\"><td class=\"cookielawinfo-column-1\">_gid<\/td><td class=\"cookielawinfo-column-2\"><\/td><td class=\"cookielawinfo-column-3\">1 d\u00eda<\/td><td class=\"cookielawinfo-column-4\">Esta cookie es instalada por Google Analytics. La cookie se utiliza para almacenar informaci\u00f3n sobre c\u00f3mo los visitantes usan un sitio web y ayuda a crear un informe anal\u00edtico de c\u00f3mo est\u00e1 funcionando el sitio web. Los datos recopilados, incluido el n\u00famero de visitantes, la fuente de donde provienen y las p\u00e1ginas, se muestran de forma an\u00f3nima.<\/td><\/tr><tr class=\"cookielawinfo-row\"><td class=\"cookielawinfo-column-1\">cookielawinfo-checkbox-analytics<\/td><td class=\"cookielawinfo-column-2\"><\/td><td class=\"cookielawinfo-column-3\">11 meses<\/td><td class=\"cookielawinfo-column-4\">Esta cookie est\u00e1 establecida por el conector de Consentimiento de cookie de GDPR. La cookie se utiliza para almacenar el consentimiento del usuario para las cookie en la categor\u00eda \"Analytics\".<\/td><\/tr><tr class=\"cookielawinfo-row\"><td class=\"cookielawinfo-column-1\">cookielawinfo-checkbox-functional<\/td><td class=\"cookielawinfo-column-2\"><\/td><td class=\"cookielawinfo-column-3\">11 meses<\/td><td class=\"cookielawinfo-column-4\">La cookie est\u00e1 establecida por consentimiento de la cookie de GDPR para registrar el consentimiento del usuario para las cookies en la categor\u00eda \"Funcional\".<\/td><\/tr><tr class=\"cookielawinfo-row\"><td class=\"cookielawinfo-column-1\">cookielawinfo-checkbox-necessary<\/td><td class=\"cookielawinfo-column-2\"><\/td><td class=\"cookielawinfo-column-3\">1 a\u00f1o<\/td><td class=\"cookielawinfo-column-4\">Esta cookie est\u00e1 configurada por el complemento de consentimiento de cookies de GDPR. Las cookies se utilizan para almacenar el consentimiento del usuario para las cookies en la categor\u00eda \"Necesarias\".<\/td><\/tr><tr class=\"cookielawinfo-row\"><td class=\"cookielawinfo-column-1\">cookielawinfo-checkbox-performance<\/td><td class=\"cookielawinfo-column-2\"><\/td><td class=\"cookielawinfo-column-3\">11 meses<\/td><td class=\"cookielawinfo-column-4\">Esta cookie est\u00e1 configurada por el complemento de consentimiento de cookies de GDPR. Las cookies se utilizan para almacenar el consentimiento del usuario para las cookies en la categor\u00eda \"Rendimiento\".<\/td><\/tr><tr class=\"cookielawinfo-row\"><td class=\"cookielawinfo-column-1\">cookielawinfo-checkbox-preferences<\/td><td class=\"cookielawinfo-column-2\"><\/td><td class=\"cookielawinfo-column-3\">1 a\u00f1o<\/td><td class=\"cookielawinfo-column-4\">Esta cookie lo establece el conector de Consentimiento de la Cookie del GDPR para comprobar si el usuario ha dado su consentimiento para utilizar galletas en la categor\u00eda \u00abPreferencias\u00bb.<\/td><\/tr><tr class=\"cookielawinfo-row\"><td class=\"cookielawinfo-column-1\">CookieLawInfoConsent<\/td><td class=\"cookielawinfo-column-2\"><\/td><td class=\"cookielawinfo-column-3\">1 a\u00f1o<\/td><td class=\"cookielawinfo-column-4\">Registra el estado predeterminado del bot\u00f3n de la categor\u00eda correspondiente . el estado de\u00a0CCPA. Solo funciona en coordinaci\u00f3n con la galleta principal.<\/td><\/tr><tr class=\"cookielawinfo-row\"><td class=\"cookielawinfo-column-1\">elementor<\/td><td class=\"cookielawinfo-column-2\"><\/td><td class=\"cookielawinfo-column-3\">Nunca<\/td><td class=\"cookielawinfo-column-4\">Esta galleta es utilizada por el tema del WordPress del sitio web. Permite al propietario del sitio web implementar o cambiar el contenido del sitio web en tiempo real.<\/td><\/tr><tr class=\"cookielawinfo-row\"><td class=\"cookielawinfo-column-1\">viewed_cookie_policy<\/td><td class=\"cookielawinfo-column-2\">0<\/td><td class=\"cookielawinfo-column-3\">11 meses<\/td><td class=\"cookielawinfo-column-4\">La cookie est\u00e1 configurada por el complemento de consentimiento de cookies de GDPR y se utiliza para almacenar si el usuario ha dado su consentimiento o no para el uso de cookies. No almacena ning\u00fan dato personal.<\/td><\/tr><tr class=\"cookielawinfo-row\"><td class=\"cookielawinfo-column-1\">wp-wpml_current_language<\/td><td class=\"cookielawinfo-column-2\">sesion<\/td><td class=\"cookielawinfo-column-3\">sesi\u00f3n<\/td><td class=\"cookielawinfo-column-4\">Almacena el idioma actual. De forma predeterminada, esta cookie est\u00e1 configurada solo para usuarios registrados.<\/td><\/tr><\/tbody><\/table>\n\n\n\n<p><strong>\u00bfC\u00f3mo deshabilitar las cookies en su navegador?<\/strong><\/p>\n\n\n\n<p>La configuraci\u00f3n de las cookies se ve reflejada en el navegador escogido por el usuario, adicionalmente se proporciona informaci\u00f3n adicional al usuario sobre c\u00f3mo puede permitir, bloquear o eliminar las cookies instaladas en su equipo mediante la configuraci\u00f3n de las opciones del navegador instalado en su ordenador. Por favor, lee atentamente la secci\u00f3n de ayuda de su navegador para conocer m\u00e1s acerca de c\u00f3mo activar el \u201cmodo privado\u201d o desbloquear determinadas cookies.<\/p>\n\n\n\n<ul class=\"wp-block-list\"><li>Informaci\u00f3n sobre cookies para&nbsp;<a href=\"https:\/\/support.microsoft.com\/es-es\/help\/17442\/windows-internet-explorer-delete-manage-cookies\">Internet Explorer<\/a>.<\/li><li>Informaci\u00f3n sobre cookies para&nbsp;<a href=\"https:\/\/support.mozilla.org\/es\/kb\/habilitar-y-deshabilitar-cookies-que-los-sitios-we\">Mozilla Firefox<\/a>.<\/li><li>Informaci\u00f3n sobre cookies para&nbsp;<a href=\"http:\/\/help.opera.com\/Windows\/11.50\/es-ES\/cookies.html\">Opera<\/a>.<\/li><li>Informaci\u00f3n sobre cookies para&nbsp;<a href=\"https:\/\/support.google.com\/accounts\/answer\/61416?hl=es\">Google Chrome<\/a>.<\/li><li>Informaci\u00f3n sobre cookies para&nbsp;<a href=\"https:\/\/support.apple.com\/es-es\/HT201265\">Safari<\/a>.<\/li><\/ul>\n\n\n\n<p><strong>Informaci\u00f3n adicional<\/strong><\/p>\n\n\n\n<p>Para m\u00e1s informaci\u00f3n sobre el uso de las cookies y c\u00f3mo bloquearlas accede a <a href=\"http:\/\/www.allaboutcookies.org\">www.allaboutcookies.org<\/a>, <a href=\"http:\/\/www.youronlinechoices.eu\">www.youronlinechoices.eu<\/a>. Si tiene alguna pregunta o comentario acerca de nuestro uso de cookies, p\u00f3ngase en contacto con nosotros v\u00eda correo electr\u00f3nico a <a href=\"mailto:legal@eurecat.org\"><strong>legal@eurecat.org<\/strong><\/a><strong> <\/strong>como responsable de la web o bien, como proveedor del servicio de gesti\u00f3n web<\/p>\n","protected":false},"excerpt":{"rendered":"<p>\u00bfQu\u00e9 son las cookies y por qu\u00e9 se utilizan? Una cookie es un archivo que se descarga en el dispositivo del usuario para acceder a un determinado sitio web para almacenar y recuperar informaci\u00f3n sobre la navegaci\u00f3n que se hace en el ordenador. Las cookies permiten a este sitio web, entre otras cosas, almacenar y&hellip;<\/p>\n","protected":false},"author":3,"featured_media":0,"parent":0,"menu_order":0,"comment_status":"closed","ping_status":"closed","template":"","meta":{"footnotes":""},"class_list":["post-78864","page","type-page","status-publish","hentry"],"_links":{"self":[{"href":"https:\/\/nhoa-project.eu\/es\/wp-json\/wp\/v2\/pages\/78864","targetHints":{"allow":["GET"]}}],"collection":[{"href":"https:\/\/nhoa-project.eu\/es\/wp-json\/wp\/v2\/pages"}],"about":[{"href":"https:\/\/nhoa-project.eu\/es\/wp-json\/wp\/v2\/types\/page"}],"author":[{"embeddable":true,"href":"https:\/\/nhoa-project.eu\/es\/wp-json\/wp\/v2\/users\/3"}],"replies":[{"embeddable":true,"href":"https:\/\/nhoa-project.eu\/es\/wp-json\/wp\/v2\/comments?post=78864"}],"version-history":[{"count":1,"href":"https:\/\/nhoa-project.eu\/es\/wp-json\/wp\/v2\/pages\/78864\/revisions"}],"predecessor-version":[{"id":78876,"href":"https:\/\/nhoa-project.eu\/es\/wp-json\/wp\/v2\/pages\/78864\/revisions\/78876"}],"wp:attachment":[{"href":"https:\/\/nhoa-project.eu\/es\/wp-json\/wp\/v2\/media?parent=78864"}],"curies":[{"name":"wp","href":"https:\/\/api.w.org\/{rel}","templated":true}]}}